{"id":511,"date":"2022-09-30T00:38:23","date_gmt":"2022-09-29T21:38:23","guid":{"rendered":"https:\/\/samulinverkko.fi\/wordpress\/?page_id=511"},"modified":"2024-08-17T06:23:15","modified_gmt":"2024-08-17T03:23:15","slug":"kesa-22","status":"publish","type":"page","link":"https:\/\/samulinverkko.fi\/wordpress\/kesa-22\/","title":{"rendered":"Kes\u00e4"},"content":{"rendered":"<style>.kb-row-layout-id511_38d437-a7 > .kt-row-column-wrap{align-content:start;}:where(.kb-row-layout-id511_38d437-a7 > .kt-row-column-wrap) > .wp-block-kadence-column{justify-content:start;}.kb-row-layout-id511_38d437-a7 > .kt-row-column-wrap{column-gap:var(--global-kb-gap-md, 2rem);row-gap:var(--global-kb-gap-md, 2rem);padding-top:var(--global-kb-spacing-sm, 1.5rem);padding-bottom:var(--global-kb-spacing-sm, 1.5rem);grid-template-columns:minmax(0, 1fr);}.kb-row-layout-id511_38d437-a7 > .kt-row-layout-overlay{opacity:0.30;}@media all and (max-width: 1024px){.kb-row-layout-id511_38d437-a7 > .kt-row-column-wrap{grid-template-columns:minmax(0, 1fr);}}@media all and (max-width: 767px){.kb-row-layout-id511_38d437-a7 > .kt-row-column-wrap{grid-template-columns:minmax(0, 1fr);}}<\/style><div class=\"kb-row-layout-wrap kb-row-layout-id511_38d437-a7 alignnone wp-block-kadence-rowlayout\"><div class=\"kt-row-column-wrap kt-has-1-columns kt-row-layout-equal kt-tab-layout-inherit kt-mobile-layout-row kt-row-valign-top\">\n<style>.kadence-column511_35d680-b4 > .kt-inside-inner-col,.kadence-column511_35d680-b4 > .kt-inside-inner-col:before{border-top-left-radius:0px;border-top-right-radius:0px;border-bottom-right-radius:0px;border-bottom-left-radius:0px;}.kadence-column511_35d680-b4 > .kt-inside-inner-col{column-gap:var(--global-kb-gap-sm, 1rem);}.kadence-column511_35d680-b4 > .kt-inside-inner-col{flex-direction:column;}.kadence-column511_35d680-b4 > .kt-inside-inner-col > .aligncenter{width:100%;}.kadence-column511_35d680-b4 > .kt-inside-inner-col:before{opacity:0.3;}.kadence-column511_35d680-b4{position:relative;}@media all and (max-width: 1024px){.kadence-column511_35d680-b4 > .kt-inside-inner-col{flex-direction:column;justify-content:center;}}@media all and (max-width: 767px){.kadence-column511_35d680-b4 > .kt-inside-inner-col{flex-direction:column;justify-content:center;}}<\/style>\n<div class=\"wp-block-kadence-column kadence-column511_35d680-b4 inner-column-1\"><div class=\"kt-inside-inner-col\"><div class=\"wp-block-image\">\n<figure data-wp-context=\"{&quot;imageId&quot;:&quot;69d99724d7bf8&quot;}\" data-wp-interactive=\"core\/image\" data-wp-key=\"69d99724d7bf8\" class=\"aligncenter size-large wp-lightbox-container\"><img fetchpriority=\"high\" decoding=\"async\" width=\"1024\" height=\"729\" data-wp-class--hide=\"state.isContentHidden\" data-wp-class--show=\"state.isContentVisible\" data-wp-init=\"callbacks.setButtonStyles\" data-wp-on--click=\"actions.showLightbox\" data-wp-on--load=\"callbacks.setButtonStyles\" data-wp-on-window--resize=\"callbacks.setButtonStyles\" src=\"https:\/\/samulinverkko.fi\/wordpress\/wp-content\/uploads\/2022\/09\/woodD-1024x729.jpg\" alt=\"\" class=\"wp-image-532\" srcset=\"https:\/\/samulinverkko.fi\/wordpress\/wp-content\/uploads\/2022\/09\/woodD-1024x729.jpg 1024w, https:\/\/samulinverkko.fi\/wordpress\/wp-content\/uploads\/2022\/09\/woodD-300x213.jpg 300w, https:\/\/samulinverkko.fi\/wordpress\/wp-content\/uploads\/2022\/09\/woodD-768x546.jpg 768w, https:\/\/samulinverkko.fi\/wordpress\/wp-content\/uploads\/2022\/09\/woodD.jpg 1092w\" sizes=\"(max-width: 1024px) 100vw, 1024px\" \/><button\n\t\t\tclass=\"lightbox-trigger\"\n\t\t\ttype=\"button\"\n\t\t\taria-haspopup=\"dialog\"\n\t\t\taria-label=\"Suurenna\"\n\t\t\tdata-wp-init=\"callbacks.initTriggerButton\"\n\t\t\tdata-wp-on--click=\"actions.showLightbox\"\n\t\t\tdata-wp-style--right=\"state.imageButtonRight\"\n\t\t\tdata-wp-style--top=\"state.imageButtonTop\"\n\t\t>\n\t\t\t<svg xmlns=\"http:\/\/www.w3.org\/2000\/svg\" width=\"12\" height=\"12\" fill=\"none\" viewBox=\"0 0 12 12\">\n\t\t\t\t<path fill=\"#fff\" d=\"M2 0a2 2 0 0 0-2 2v2h1.5V2a.5.5 0 0 1 .5-.5h2V0H2Zm2 10.5H2a.5.5 0 0 1-.5-.5V8H0v2a2 2 0 0 0 2 2h2v-1.5ZM8 12v-1.5h2a.5.5 0 0 0 .5-.5V8H12v2a2 2 0 0 1-2 2H8Zm2-12a2 2 0 0 1 2 2v2h-1.5V2a.5.5 0 0 0-.5-.5H8V0h2Z\" \/>\n\t\t\t<\/svg>\n\t\t<\/button><\/figure>\n<\/div><\/div><\/div>\n\n<\/div><\/div>\n\n<style>.kb-row-layout-id511_a4c17c-ab > .kt-row-column-wrap{align-content:start;}:where(.kb-row-layout-id511_a4c17c-ab > .kt-row-column-wrap) > .wp-block-kadence-column{justify-content:start;}.kb-row-layout-id511_a4c17c-ab > .kt-row-column-wrap{column-gap:var(--global-kb-gap-md, 2rem);row-gap:var(--global-kb-gap-md, 2rem);padding-top:var(--global-kb-spacing-sm, 1.5rem);padding-bottom:var(--global-kb-spacing-sm, 1.5rem);grid-template-columns:repeat(2, minmax(0, 1fr));}.kb-row-layout-id511_a4c17c-ab > .kt-row-layout-overlay{opacity:0.30;}@media all and (max-width: 1024px){.kb-row-layout-id511_a4c17c-ab > .kt-row-column-wrap{grid-template-columns:repeat(2, minmax(0, 1fr));}}@media all and (max-width: 767px){.kb-row-layout-id511_a4c17c-ab > .kt-row-column-wrap{grid-template-columns:minmax(0, 1fr);}}<\/style><div class=\"kb-row-layout-wrap kb-row-layout-id511_a4c17c-ab alignnone wp-block-kadence-rowlayout\"><div class=\"kt-row-column-wrap kt-has-2-columns kt-row-layout-equal kt-tab-layout-inherit kt-mobile-layout-row kt-row-valign-top\">\n<style>.kadence-column511_644e78-a1 > .kt-inside-inner-col,.kadence-column511_644e78-a1 > .kt-inside-inner-col:before{border-top-left-radius:0px;border-top-right-radius:0px;border-bottom-right-radius:0px;border-bottom-left-radius:0px;}.kadence-column511_644e78-a1 > .kt-inside-inner-col{column-gap:var(--global-kb-gap-sm, 1rem);}.kadence-column511_644e78-a1 > .kt-inside-inner-col{flex-direction:column;}.kadence-column511_644e78-a1 > .kt-inside-inner-col > .aligncenter{width:100%;}.kadence-column511_644e78-a1 > .kt-inside-inner-col:before{opacity:0.3;}.kadence-column511_644e78-a1{position:relative;}@media all and (max-width: 1024px){.kadence-column511_644e78-a1 > .kt-inside-inner-col{flex-direction:column;justify-content:center;}}@media all and (max-width: 767px){.kadence-column511_644e78-a1 > .kt-inside-inner-col{flex-direction:column;justify-content:center;}}<\/style>\n<div class=\"wp-block-kadence-column kadence-column511_644e78-a1 inner-column-1\"><div class=\"kt-inside-inner-col\">\n<figure data-wp-context=\"{&quot;imageId&quot;:&quot;69d99724d816f&quot;}\" data-wp-interactive=\"core\/image\" data-wp-key=\"69d99724d816f\" class=\"wp-block-image size-full wp-lightbox-container\"><img decoding=\"async\" width=\"780\" height=\"972\" data-wp-class--hide=\"state.isContentHidden\" data-wp-class--show=\"state.isContentVisible\" data-wp-init=\"callbacks.setButtonStyles\" data-wp-on--click=\"actions.showLightbox\" data-wp-on--load=\"callbacks.setButtonStyles\" data-wp-on-window--resize=\"callbacks.setButtonStyles\" src=\"https:\/\/samulinverkko.fi\/wordpress\/wp-content\/uploads\/2022\/09\/heinaD.jpg\" alt=\"\" class=\"wp-image-534\" srcset=\"https:\/\/samulinverkko.fi\/wordpress\/wp-content\/uploads\/2022\/09\/heinaD.jpg 780w, https:\/\/samulinverkko.fi\/wordpress\/wp-content\/uploads\/2022\/09\/heinaD-241x300.jpg 241w, https:\/\/samulinverkko.fi\/wordpress\/wp-content\/uploads\/2022\/09\/heinaD-768x957.jpg 768w\" sizes=\"(max-width: 780px) 100vw, 780px\" \/><button\n\t\t\tclass=\"lightbox-trigger\"\n\t\t\ttype=\"button\"\n\t\t\taria-haspopup=\"dialog\"\n\t\t\taria-label=\"Suurenna\"\n\t\t\tdata-wp-init=\"callbacks.initTriggerButton\"\n\t\t\tdata-wp-on--click=\"actions.showLightbox\"\n\t\t\tdata-wp-style--right=\"state.imageButtonRight\"\n\t\t\tdata-wp-style--top=\"state.imageButtonTop\"\n\t\t>\n\t\t\t<svg xmlns=\"http:\/\/www.w3.org\/2000\/svg\" width=\"12\" height=\"12\" fill=\"none\" viewBox=\"0 0 12 12\">\n\t\t\t\t<path fill=\"#fff\" d=\"M2 0a2 2 0 0 0-2 2v2h1.5V2a.5.5 0 0 1 .5-.5h2V0H2Zm2 10.5H2a.5.5 0 0 1-.5-.5V8H0v2a2 2 0 0 0 2 2h2v-1.5ZM8 12v-1.5h2a.5.5 0 0 0 .5-.5V8H12v2a2 2 0 0 1-2 2H8Zm2-12a2 2 0 0 1 2 2v2h-1.5V2a.5.5 0 0 0-.5-.5H8V0h2Z\" \/>\n\t\t\t<\/svg>\n\t\t<\/button><figcaption class=\"wp-element-caption\">Huojuvat hein\u00e4t<\/figcaption><\/figure>\n<\/div><\/div>\n\n\n<style>.kadence-column511_920390-5f > .kt-inside-inner-col,.kadence-column511_920390-5f > .kt-inside-inner-col:before{border-top-left-radius:0px;border-top-right-radius:0px;border-bottom-right-radius:0px;border-bottom-left-radius:0px;}.kadence-column511_920390-5f > .kt-inside-inner-col{column-gap:var(--global-kb-gap-sm, 1rem);}.kadence-column511_920390-5f > .kt-inside-inner-col{flex-direction:column;}.kadence-column511_920390-5f > .kt-inside-inner-col > .aligncenter{width:100%;}.kadence-column511_920390-5f > .kt-inside-inner-col:before{opacity:0.3;}.kadence-column511_920390-5f{position:relative;}@media all and (max-width: 1024px){.kadence-column511_920390-5f > .kt-inside-inner-col{flex-direction:column;justify-content:center;}}@media all and (max-width: 767px){.kadence-column511_920390-5f > .kt-inside-inner-col{flex-direction:column;justify-content:center;}}<\/style>\n<div class=\"wp-block-kadence-column kadence-column511_920390-5f inner-column-2\"><div class=\"kt-inside-inner-col\">\n<figure data-wp-context=\"{&quot;imageId&quot;:&quot;69d99724d8418&quot;}\" data-wp-interactive=\"core\/image\" data-wp-key=\"69d99724d8418\" class=\"wp-block-image size-large wp-lightbox-container\"><img decoding=\"async\" width=\"820\" height=\"1024\" data-wp-class--hide=\"state.isContentHidden\" data-wp-class--show=\"state.isContentVisible\" data-wp-init=\"callbacks.setButtonStyles\" data-wp-on--click=\"actions.showLightbox\" data-wp-on--load=\"callbacks.setButtonStyles\" data-wp-on-window--resize=\"callbacks.setButtonStyles\" src=\"https:\/\/samulinverkko.fi\/wordpress\/wp-content\/uploads\/2022\/09\/puistoD-820x1024.jpg\" alt=\"\" class=\"wp-image-537\" srcset=\"https:\/\/samulinverkko.fi\/wordpress\/wp-content\/uploads\/2022\/09\/puistoD-820x1024.jpg 820w, https:\/\/samulinverkko.fi\/wordpress\/wp-content\/uploads\/2022\/09\/puistoD-240x300.jpg 240w, https:\/\/samulinverkko.fi\/wordpress\/wp-content\/uploads\/2022\/09\/puistoD-768x959.jpg 768w, https:\/\/samulinverkko.fi\/wordpress\/wp-content\/uploads\/2022\/09\/puistoD.jpg 1092w\" sizes=\"(max-width: 820px) 100vw, 820px\" \/><button\n\t\t\tclass=\"lightbox-trigger\"\n\t\t\ttype=\"button\"\n\t\t\taria-haspopup=\"dialog\"\n\t\t\taria-label=\"Suurenna\"\n\t\t\tdata-wp-init=\"callbacks.initTriggerButton\"\n\t\t\tdata-wp-on--click=\"actions.showLightbox\"\n\t\t\tdata-wp-style--right=\"state.imageButtonRight\"\n\t\t\tdata-wp-style--top=\"state.imageButtonTop\"\n\t\t>\n\t\t\t<svg xmlns=\"http:\/\/www.w3.org\/2000\/svg\" width=\"12\" height=\"12\" fill=\"none\" viewBox=\"0 0 12 12\">\n\t\t\t\t<path fill=\"#fff\" d=\"M2 0a2 2 0 0 0-2 2v2h1.5V2a.5.5 0 0 1 .5-.5h2V0H2Zm2 10.5H2a.5.5 0 0 1-.5-.5V8H0v2a2 2 0 0 0 2 2h2v-1.5ZM8 12v-1.5h2a.5.5 0 0 0 .5-.5V8H12v2a2 2 0 0 1-2 2H8Zm2-12a2 2 0 0 1 2 2v2h-1.5V2a.5.5 0 0 0-.5-.5H8V0h2Z\" \/>\n\t\t\t<\/svg>\n\t\t<\/button><figcaption class=\"wp-element-caption\">Aamulla puistossa<\/figcaption><\/figure>\n<\/div><\/div>\n\n<\/div><\/div>\n\n<style>.kb-row-layout-id511_90276e-b1 > .kt-row-column-wrap{align-content:start;}:where(.kb-row-layout-id511_90276e-b1 > .kt-row-column-wrap) > .wp-block-kadence-column{justify-content:start;}.kb-row-layout-id511_90276e-b1 > .kt-row-column-wrap{column-gap:var(--global-kb-gap-md, 2rem);row-gap:var(--global-kb-gap-md, 2rem);padding-top:var(--global-kb-spacing-sm, 1.5rem);padding-bottom:var(--global-kb-spacing-sm, 1.5rem);grid-template-columns:repeat(2, minmax(0, 1fr));}.kb-row-layout-id511_90276e-b1 > .kt-row-layout-overlay{opacity:0.30;}@media all and (max-width: 1024px){.kb-row-layout-id511_90276e-b1 > .kt-row-column-wrap{grid-template-columns:repeat(2, minmax(0, 1fr));}}@media all and (max-width: 767px){.kb-row-layout-id511_90276e-b1 > .kt-row-column-wrap{grid-template-columns:minmax(0, 1fr);}}<\/style><div class=\"kb-row-layout-wrap kb-row-layout-id511_90276e-b1 alignnone wp-block-kadence-rowlayout\"><div class=\"kt-row-column-wrap kt-has-2-columns kt-row-layout-equal kt-tab-layout-inherit kt-mobile-layout-row kt-row-valign-top\">\n<style>.kadence-column511_b7a529-2d > .kt-inside-inner-col,.kadence-column511_b7a529-2d > .kt-inside-inner-col:before{border-top-left-radius:0px;border-top-right-radius:0px;border-bottom-right-radius:0px;border-bottom-left-radius:0px;}.kadence-column511_b7a529-2d > .kt-inside-inner-col{column-gap:var(--global-kb-gap-sm, 1rem);}.kadence-column511_b7a529-2d > .kt-inside-inner-col{flex-direction:column;}.kadence-column511_b7a529-2d > .kt-inside-inner-col > .aligncenter{width:100%;}.kadence-column511_b7a529-2d > .kt-inside-inner-col:before{opacity:0.3;}.kadence-column511_b7a529-2d{position:relative;}@media all and (max-width: 1024px){.kadence-column511_b7a529-2d > .kt-inside-inner-col{flex-direction:column;justify-content:center;}}@media all and (max-width: 767px){.kadence-column511_b7a529-2d > .kt-inside-inner-col{flex-direction:column;justify-content:center;}}<\/style>\n<div class=\"wp-block-kadence-column kadence-column511_b7a529-2d inner-column-1\"><div class=\"kt-inside-inner-col\">\n<figure data-wp-context=\"{&quot;imageId&quot;:&quot;69d99724d873d&quot;}\" data-wp-interactive=\"core\/image\" data-wp-key=\"69d99724d873d\" class=\"wp-block-image size-full wp-lightbox-container\"><img loading=\"lazy\" decoding=\"async\" width=\"780\" height=\"972\" data-wp-class--hide=\"state.isContentHidden\" data-wp-class--show=\"state.isContentVisible\" data-wp-init=\"callbacks.setButtonStyles\" data-wp-on--click=\"actions.showLightbox\" data-wp-on--load=\"callbacks.setButtonStyles\" data-wp-on-window--resize=\"callbacks.setButtonStyles\" src=\"https:\/\/samulinverkko.fi\/wordpress\/wp-content\/uploads\/2022\/09\/kukatD.jpg\" alt=\"\" class=\"wp-image-538\" srcset=\"https:\/\/samulinverkko.fi\/wordpress\/wp-content\/uploads\/2022\/09\/kukatD.jpg 780w, https:\/\/samulinverkko.fi\/wordpress\/wp-content\/uploads\/2022\/09\/kukatD-241x300.jpg 241w, https:\/\/samulinverkko.fi\/wordpress\/wp-content\/uploads\/2022\/09\/kukatD-768x957.jpg 768w\" sizes=\"(max-width: 780px) 100vw, 780px\" \/><button\n\t\t\tclass=\"lightbox-trigger\"\n\t\t\ttype=\"button\"\n\t\t\taria-haspopup=\"dialog\"\n\t\t\taria-label=\"Suurenna\"\n\t\t\tdata-wp-init=\"callbacks.initTriggerButton\"\n\t\t\tdata-wp-on--click=\"actions.showLightbox\"\n\t\t\tdata-wp-style--right=\"state.imageButtonRight\"\n\t\t\tdata-wp-style--top=\"state.imageButtonTop\"\n\t\t>\n\t\t\t<svg xmlns=\"http:\/\/www.w3.org\/2000\/svg\" width=\"12\" height=\"12\" fill=\"none\" viewBox=\"0 0 12 12\">\n\t\t\t\t<path fill=\"#fff\" d=\"M2 0a2 2 0 0 0-2 2v2h1.5V2a.5.5 0 0 1 .5-.5h2V0H2Zm2 10.5H2a.5.5 0 0 1-.5-.5V8H0v2a2 2 0 0 0 2 2h2v-1.5ZM8 12v-1.5h2a.5.5 0 0 0 .5-.5V8H12v2a2 2 0 0 1-2 2H8Zm2-12a2 2 0 0 1 2 2v2h-1.5V2a.5.5 0 0 0-.5-.5H8V0h2Z\" \/>\n\t\t\t<\/svg>\n\t\t<\/button><figcaption class=\"wp-element-caption\">Kukat lev\u00e4ht\u00e4\u00e4<\/figcaption><\/figure>\n\n\n\n<p><\/p>\n<\/div><\/div>\n\n\n<style>.kadence-column511_b559b2-3b > .kt-inside-inner-col,.kadence-column511_b559b2-3b > .kt-inside-inner-col:before{border-top-left-radius:0px;border-top-right-radius:0px;border-bottom-right-radius:0px;border-bottom-left-radius:0px;}.kadence-column511_b559b2-3b > .kt-inside-inner-col{column-gap:var(--global-kb-gap-sm, 1rem);}.kadence-column511_b559b2-3b > .kt-inside-inner-col{flex-direction:column;}.kadence-column511_b559b2-3b > .kt-inside-inner-col > .aligncenter{width:100%;}.kadence-column511_b559b2-3b > .kt-inside-inner-col:before{opacity:0.3;}.kadence-column511_b559b2-3b{position:relative;}@media all and (max-width: 1024px){.kadence-column511_b559b2-3b > .kt-inside-inner-col{flex-direction:column;justify-content:center;}}@media all and (max-width: 767px){.kadence-column511_b559b2-3b > .kt-inside-inner-col{flex-direction:column;justify-content:center;}}<\/style>\n<div class=\"wp-block-kadence-column kadence-column511_b559b2-3b inner-column-2\"><div class=\"kt-inside-inner-col\">\n<figure data-wp-context=\"{&quot;imageId&quot;:&quot;69d99724d899f&quot;}\" data-wp-interactive=\"core\/image\" data-wp-key=\"69d99724d899f\" class=\"wp-block-image size-large wp-lightbox-container\"><img loading=\"lazy\" decoding=\"async\" width=\"822\" height=\"1024\" data-wp-class--hide=\"state.isContentHidden\" data-wp-class--show=\"state.isContentVisible\" data-wp-init=\"callbacks.setButtonStyles\" data-wp-on--click=\"actions.showLightbox\" data-wp-on--load=\"callbacks.setButtonStyles\" data-wp-on-window--resize=\"callbacks.setButtonStyles\" src=\"https:\/\/samulinverkko.fi\/wordpress\/wp-content\/uploads\/2022\/09\/vettajamettaaD-822x1024.jpg\" alt=\"\" class=\"wp-image-539\" srcset=\"https:\/\/samulinverkko.fi\/wordpress\/wp-content\/uploads\/2022\/09\/vettajamettaaD-822x1024.jpg 822w, https:\/\/samulinverkko.fi\/wordpress\/wp-content\/uploads\/2022\/09\/vettajamettaaD-241x300.jpg 241w, https:\/\/samulinverkko.fi\/wordpress\/wp-content\/uploads\/2022\/09\/vettajamettaaD-768x957.jpg 768w, https:\/\/samulinverkko.fi\/wordpress\/wp-content\/uploads\/2022\/09\/vettajamettaaD.jpg 1092w\" sizes=\"(max-width: 822px) 100vw, 822px\" \/><button\n\t\t\tclass=\"lightbox-trigger\"\n\t\t\ttype=\"button\"\n\t\t\taria-haspopup=\"dialog\"\n\t\t\taria-label=\"Suurenna\"\n\t\t\tdata-wp-init=\"callbacks.initTriggerButton\"\n\t\t\tdata-wp-on--click=\"actions.showLightbox\"\n\t\t\tdata-wp-style--right=\"state.imageButtonRight\"\n\t\t\tdata-wp-style--top=\"state.imageButtonTop\"\n\t\t>\n\t\t\t<svg xmlns=\"http:\/\/www.w3.org\/2000\/svg\" width=\"12\" height=\"12\" fill=\"none\" viewBox=\"0 0 12 12\">\n\t\t\t\t<path fill=\"#fff\" d=\"M2 0a2 2 0 0 0-2 2v2h1.5V2a.5.5 0 0 1 .5-.5h2V0H2Zm2 10.5H2a.5.5 0 0 1-.5-.5V8H0v2a2 2 0 0 0 2 2h2v-1.5ZM8 12v-1.5h2a.5.5 0 0 0 .5-.5V8H12v2a2 2 0 0 1-2 2H8Zm2-12a2 2 0 0 1 2 2v2h-1.5V2a.5.5 0 0 0-.5-.5H8V0h2Z\" \/>\n\t\t\t<\/svg>\n\t\t<\/button><\/figure>\n<\/div><\/div>\n\n<\/div><\/div>","protected":false},"excerpt":{"rendered":"","protected":false},"author":1,"featured_media":0,"parent":0,"menu_order":0,"comment_status":"closed","ping_status":"closed","template":"","meta":{"footnotes":""},"class_list":["post-511","page","type-page","status-publish","hentry"],"_links":{"self":[{"href":"https:\/\/samulinverkko.fi\/wordpress\/wp-json\/wp\/v2\/pages\/511","targetHints":{"allow":["GET"]}}],"collection":[{"href":"https:\/\/samulinverkko.fi\/wordpress\/wp-json\/wp\/v2\/pages"}],"about":[{"href":"https:\/\/samulinverkko.fi\/wordpress\/wp-json\/wp\/v2\/types\/page"}],"author":[{"embeddable":true,"href":"https:\/\/samulinverkko.fi\/wordpress\/wp-json\/wp\/v2\/users\/1"}],"replies":[{"embeddable":true,"href":"https:\/\/samulinverkko.fi\/wordpress\/wp-json\/wp\/v2\/comments?post=511"}],"version-history":[{"count":8,"href":"https:\/\/samulinverkko.fi\/wordpress\/wp-json\/wp\/v2\/pages\/511\/revisions"}],"predecessor-version":[{"id":676,"href":"https:\/\/samulinverkko.fi\/wordpress\/wp-json\/wp\/v2\/pages\/511\/revisions\/676"}],"wp:attachment":[{"href":"https:\/\/samulinverkko.fi\/wordpress\/wp-json\/wp\/v2\/media?parent=511"}],"curies":[{"name":"wp","href":"https:\/\/api.w.org\/{rel}","templated":true}]}}